{"id":6984,"date":"2020-12-17T13:21:29","date_gmt":"2020-12-17T13:21:29","guid":{"rendered":"https:\/\/www.ramsagroupkurumlari.com\/?page_id=6984"},"modified":"2021-01-08T17:30:45","modified_gmt":"2021-01-08T17:30:45","slug":"calisanlarimiz","status":"publish","type":"page","link":"https:\/\/www.ramsagroupkurumlari.com\/?page_id=6984","title":{"rendered":"\u00c7al\u0131\u015fanlar\u0131m\u0131z"},"content":{"rendered":"","protected":false},"excerpt":{"rendered":"","protected":false},"author":1,"featured_media":0,"parent":0,"menu_order":0,"comment_status":"closed","ping_status":"closed","template":"","meta":{"footnotes":""},"class_list":["post-6984","page","type-page","status-publish","hentry"],"_links":{"self":[{"href":"https:\/\/www.ramsagroupkurumlari.com\/index.php?rest_route=\/wp\/v2\/pages\/6984","targetHints":{"allow":["GET"]}}],"collection":[{"href":"https:\/\/www.ramsagroupkurumlari.com\/index.php?rest_route=\/wp\/v2\/pages"}],"about":[{"href":"https:\/\/www.ramsagroupkurumlari.com\/index.php?rest_route=\/wp\/v2\/types\/page"}],"author":[{"embeddable":true,"href":"https:\/\/www.ramsagroupkurumlari.com\/index.php?rest_route=\/wp\/v2\/users\/1"}],"replies":[{"embeddable":true,"href":"https:\/\/www.ramsagroupkurumlari.com\/index.php?rest_route=%2Fwp%2Fv2%2Fcomments&post=6984"}],"version-history":[{"count":5,"href":"https:\/\/www.ramsagroupkurumlari.com\/index.php?rest_route=\/wp\/v2\/pages\/6984\/revisions"}],"predecessor-version":[{"id":8050,"href":"https:\/\/www.ramsagroupkurumlari.com\/index.php?rest_route=\/wp\/v2\/pages\/6984\/revisions\/8050"}],"wp:attachment":[{"href":"https:\/\/www.ramsagroupkurumlari.com\/index.php?rest_route=%2Fwp%2Fv2%2Fmedia&parent=6984"}],"curies":[{"name":"wp","href":"https:\/\/api.w.org\/{rel}","templated":true}]}}